{"id":33,"date":"2025-09-19T16:58:19","date_gmt":"2025-09-19T16:58:19","guid":{"rendered":"https:\/\/besomaz.com\/?page_id=33"},"modified":"2025-09-28T17:57:16","modified_gmt":"2025-09-28T17:57:16","slug":"inicio","status":"publish","type":"page","link":"https:\/\/besomaz.com\/","title":{"rendered":"Inicio"},"content":{"rendered":"\n<p class=\"has-x-large-font-size\"><strong>+ Consultor\u00eda y formaci\u00f3n en IA<\/strong><\/p>\n\n\n\n<div style=\"font-family:'Helvetica Neue', Helvetica, Arial, sans-serif;\n            font-style:italic;\n            font-weight:100;\n            font-size:clamp(20px,2.8vw,30px);\n            line-height:1.2;\n            color:#fff;\n            display:flex;\n            align-items:center;\n            gap:12px;\n            white-space:nowrap;\">\n  <span style=\"font-style:normal;font-weight:700;\">&gt;<\/span>\n  <div id=\"somaz-track\"><\/div>\n<\/div>\n\n<script>\n(function(){\n  const phrases = [\n    \"\u00bfQuieres ganar tiempo?\",\n    \"\u00bfQuieres escalar tu manera de trabajar?\",\n    \"\u00bfQuieres sacarle verdadero partido a la IA?\",\n    \"\u00bfQuieres adaptarte a los nuevos est\u00e1ndares?\",\n    \"\u00bfQuieres aumentar tu producci\u00f3n?\"\n  ];\n\n  const BASE_MIN = 18, BASE_MAX = 38;\n  const BURST_CHANCE = 0.22, BURST_MIN = 6, BURST_MAX = 14;\n\n  const track = document.getElementById('somaz-track');\n  let index = 0;\n\n  function rand(a,b){ return Math.floor(Math.random()*(b-a+1))+a; }\n  function sleep(ms){ return new Promise(r=>setTimeout(r,ms)); }\n  function nextDelay(){ return (Math.random()<BURST_CHANCE)?rand(BURST_MIN,BURST_MAX):rand(BASE_MIN,BASE_MAX); }\n  function visibleTimeFor(str){\n    const n = Math.max(10, str.length);\n    const perChar = 55 + Math.random()*20;\n    return Math.max(1600, Math.min(4200, Math.round(n*perChar)));\n  }\n\n  async function typePhrase(text){\n    const holder = document.createElement('span');\n    holder.style.whiteSpace='nowrap';\n    holder.style.fontWeight='600';\n\n    const typed = document.createElement('span');\n    typed.style.letterSpacing='.01em';\n    holder.appendChild(typed);\n\n    const cursor = document.createElement('span');\n    cursor.style.display='inline-block';\n    cursor.style.width='1px';\n    cursor.style.height='1.05em';\n    cursor.style.background='currentColor';\n    cursor.style.marginLeft='2px';\n    cursor.style.opacity='.85';\n    cursor.style.transform='translateY(2px)';\n    cursor.style.animation='somazBlink 1.1s step-start infinite';\n    holder.appendChild(cursor);\n\n    track.innerHTML='';\n    track.appendChild(holder);\n\n    await sleep(400);\n\n    for (let i=0;i<text.length;i++){\n      typed.textContent = text.slice(0,i+1);\n      await sleep(nextDelay());\n    }\n\n    await sleep(visibleTimeFor(text));\n\n    track.removeChild(holder);\n  }\n\n  async function loop(){\n    while(true){\n      const text = phrases[index % phrases.length];\n      await typePhrase(text);\n      index++;\n    }\n  }\n\n  const style=document.createElement('style');\n  style.textContent=`@keyframes somazBlink{50%{opacity:0}}`;\n  document.head.appendChild(style);\n\n  loop();\n})();\n<\/script>\n\n\n\n<div style=\"height:55px\" aria-hidden=\"true\" class=\"wp-block-spacer\"><\/div>\n\n\n\n<p class=\"has-x-large-font-size\"><em>EN CONSTRUCCI\u00d3N...<\/em><\/p>\n\n\n\n<p>Consultor\u00eda IA<br>Formaci\u00f3n IA<br>GPTs personalizados<br>Automatizaciones y aplicaciones con IA<br>Noticias<br><\/p>\n\n\n\n<div style=\"height:33px\" aria-hidden=\"true\" class=\"wp-block-spacer\"><\/div>\n\n\n\n<p class=\"has-text-align-left has-medium-font-size\"><strong><em>hola@besomaz.com<\/em><\/strong><\/p>\n\n\n\n<div style=\"height:5px\" aria-hidden=\"true\" class=\"wp-block-spacer\"><\/div>\n","protected":false},"excerpt":{"rendered":"<p>+ Consultor\u00eda y formaci\u00f3n en IA &gt; EN CONSTRUCCI\u00d3N&#8230; Consultor\u00eda IAFormaci\u00f3n IAGPTs personalizadosAutomatizaciones y aplicaciones con IANoticias hola@besomaz.com<\/p>\n","protected":false},"author":1,"featured_media":0,"parent":0,"menu_order":0,"comment_status":"closed","ping_status":"closed","template":"","meta":{"footnotes":""},"class_list":["post-33","page","type-page","status-publish"],"_links":{"self":[{"href":"https:\/\/besomaz.com\/index.php\/wp-json\/wp\/v2\/pages\/33","targetHints":{"allow":["GET"]}}],"collection":[{"href":"https:\/\/besomaz.com\/index.php\/wp-json\/wp\/v2\/pages"}],"about":[{"href":"https:\/\/besomaz.com\/index.php\/wp-json\/wp\/v2\/types\/page"}],"author":[{"embeddable":true,"href":"https:\/\/besomaz.com\/index.php\/wp-json\/wp\/v2\/users\/1"}],"replies":[{"embeddable":true,"href":"https:\/\/besomaz.com\/index.php\/wp-json\/wp\/v2\/comments?post=33"}],"version-history":[{"count":44,"href":"https:\/\/besomaz.com\/index.php\/wp-json\/wp\/v2\/pages\/33\/revisions"}],"predecessor-version":[{"id":120,"href":"https:\/\/besomaz.com\/index.php\/wp-json\/wp\/v2\/pages\/33\/revisions\/120"}],"wp:attachment":[{"href":"https:\/\/besomaz.com\/index.php\/wp-json\/wp\/v2\/media?parent=33"}],"curies":[{"name":"wp","href":"https:\/\/api.w.org\/{rel}","templated":true}]}}